{"id":620,"date":"2025-01-15T16:37:59","date_gmt":"2025-01-15T15:37:59","guid":{"rendered":"https:\/\/goutille.ovh\/?page_id=620"},"modified":"2025-08-26T21:49:09","modified_gmt":"2025-08-26T19:49:09","slug":"accueil-lavalette","status":"publish","type":"page","link":"https:\/\/goutille.ovh\/","title":{"rendered":"Accueil"},"content":{"rendered":"\n<figure class=\"wp-block-image alignfull size-large\"><img loading=\"lazy\" decoding=\"async\" width=\"1024\" height=\"327\" src=\"https:\/\/goutille.ovh\/wp-content\/uploads\/2025\/01\/vignes-1024x327.webp\" alt=\"Vue des pieds de vigne du Domaine Lavalette \u00e0 Fronton\" class=\"wp-image-617\" srcset=\"https:\/\/goutille.ovh\/wp-content\/uploads\/2025\/01\/vignes-1024x327.webp 1024w, https:\/\/goutille.ovh\/wp-content\/uploads\/2025\/01\/vignes-600x191.webp 600w, https:\/\/goutille.ovh\/wp-content\/uploads\/2025\/01\/vignes-300x96.webp 300w, https:\/\/goutille.ovh\/wp-content\/uploads\/2025\/01\/vignes-768x245.webp 768w, https:\/\/goutille.ovh\/wp-content\/uploads\/2025\/01\/vignes-1536x490.webp 1536w, https:\/\/goutille.ovh\/wp-content\/uploads\/2025\/01\/vignes.webp 1599w\" sizes=\"auto, (max-width: 1024px) 100vw, 1024px\" \/><\/figure>\n\n\n\n<div class=\"wp-block-group is-nowrap is-layout-flex wp-container-core-group-is-layout-d6360f43 wp-block-group-is-layout-flex\" style=\"margin-top:0;margin-bottom:0;padding-top:0;padding-right:0;padding-bottom:0;padding-left:0\">\n<div class=\"wp-block-group is-vertical is-content-justification-right is-layout-flex wp-container-core-group-is-layout-c0d519fa wp-block-group-is-layout-flex\">\n<p class=\"has-body-font-family has-medium-font-size\" style=\"margin-top:0;margin-right:0;margin-bottom:0;margin-left:0;padding-top:0;padding-right:0;padding-bottom:0;padding-left:0\">Au lieu-dit La Valette \u00e0 Villaudric, \u00e0 quelques kilom\u00e8tres au Nord de Toulouse, le domaine La Valette est un petit vignoble de 3 hectares conduit en agriculture biologique, dans l&rsquo;AOP Fronton (Occitanie).<\/p>\n\n\n\n<p>Issu d&rsquo;une famille de viticulteurs dans le val de Loire, j&rsquo;ai pass\u00e9 tous mes \u00e9t\u00e9s dans le vignoble de mes grands-parents. Les souvenirs de cette exp\u00e9rience et l&rsquo;envie d&rsquo;exercer une activit\u00e9 artisanale m&rsquo;ont men\u00e9, \u00e0 l&rsquo;approche de la cinquantaine, \u00e0 la r\u00e9alisation de ce projet viticole. Guid\u00e9 par un souci de grande qualit\u00e9 et de respect de la nature, ce sont des cuv\u00e9es intimes qui sont produites : petites quantit\u00e9s, authentiques, qualitatives, tr\u00e8s soign\u00e9es et BIO !<\/p>\n\n\n\n<blockquote class=\"wp-block-quote is-layout-flow wp-block-quote-is-layout-flow\">\n<p class=\"has-text-align-center has-large-font-size\"><em>Les vignes sont cultiv\u00e9es dans le respect des sols et de la biodiversit\u00e9, sans pesticide.<\/em><\/p>\n<\/blockquote>\n\n\n\n<p><\/p>\n\n\n\n<blockquote class=\"wp-block-quote is-layout-flow wp-block-quote-is-layout-flow\">\n<p class=\"has-text-align-center has-large-font-size\"><em>Les vendanges sont r\u00e9alis\u00e9es \u00e0 la main et la vinification et l&rsquo;\u00e9levage sont faits au domaine.<\/em><\/p>\n<\/blockquote>\n\n\n\n<p class=\"has-text-align-right has-body-font-family has-medium-font-size\"><strong><em>Antoine Rouiller<\/em><\/strong><\/p>\n\n\n\n<div class=\"wp-block-group is-nowrap is-layout-flex wp-container-core-group-is-layout-6c531013 wp-block-group-is-layout-flex\">\n<figure class=\"wp-block-image size-medium is-style-default\"><img loading=\"lazy\" decoding=\"async\" width=\"300\" height=\"125\" src=\"https:\/\/goutille.ovh\/wp-content\/uploads\/2025\/01\/logo_bio_eurofeuille-300x125.webp\" alt=\"Logo Eurofeuille AB Agriculture Biologique\" class=\"wp-image-597\" srcset=\"https:\/\/goutille.ovh\/wp-content\/uploads\/2025\/01\/logo_bio_eurofeuille-300x125.webp 300w, https:\/\/goutille.ovh\/wp-content\/uploads\/2025\/01\/logo_bio_eurofeuille.webp 400w\" sizes=\"auto, (max-width: 300px) 100vw, 300px\" \/><\/figure>\n\n\n\n<figure class=\"wp-block-image size-thumbnail\"><img loading=\"lazy\" decoding=\"async\" width=\"150\" height=\"150\" src=\"https:\/\/goutille.ovh\/wp-content\/uploads\/2025\/01\/ecocert-150x150.webp\" alt=\"Logo certification ECO CERT\" class=\"wp-image-596\" srcset=\"https:\/\/goutille.ovh\/wp-content\/uploads\/2025\/01\/ecocert-150x150.webp 150w, https:\/\/goutille.ovh\/wp-content\/uploads\/2025\/01\/ecocert-300x300.webp 300w, https:\/\/goutille.ovh\/wp-content\/uploads\/2025\/01\/ecocert-100x100.webp 100w, https:\/\/goutille.ovh\/wp-content\/uploads\/2025\/01\/ecocert-600x600.webp 600w, https:\/\/goutille.ovh\/wp-content\/uploads\/2025\/01\/ecocert-1024x1024.webp 1024w, https:\/\/goutille.ovh\/wp-content\/uploads\/2025\/01\/ecocert-768x768.webp 768w, https:\/\/goutille.ovh\/wp-content\/uploads\/2025\/01\/ecocert-1536x1536.webp 1536w, https:\/\/goutille.ovh\/wp-content\/uploads\/2025\/01\/ecocert.webp 1920w\" sizes=\"auto, (max-width: 150px) 100vw, 150px\" \/><\/figure>\n<\/div>\n<\/div>\n\n\n\n<div class=\"wp-block-group is-vertical is-layout-flex wp-container-core-group-is-layout-fe9cc265 wp-block-group-is-layout-flex\">\n<p class=\"has-text-align-center\"><strong>Actualit\u00e9s<\/strong><\/p>\n\n\n<ul style=\"padding-top:var(--wp--preset--spacing--10);padding-bottom:var(--wp--preset--spacing--10);padding-left:var(--wp--preset--spacing--10);padding-right:var(--wp--preset--spacing--10);\" class=\"wp-block-latest-posts__list has-dates has-author wp-block-latest-posts has-background has-accent-3-background-color\"><li><a class=\"wp-block-latest-posts__post-title\" href=\"https:\/\/goutille.ovh\/?p=739\">Only N\u00e9grette au restaurant Le Puits Saint Jacques \u00e0 Pujaudran<\/a><div class=\"wp-block-latest-posts__post-author\">par la-valette<\/div><time datetime=\"2025-08-26T21:57:12+02:00\" class=\"wp-block-latest-posts__post-date\">26 ao\u00fbt 2025<\/time><div class=\"wp-block-latest-posts__post-excerpt\"><\/div><\/li>\n<li><a class=\"wp-block-latest-posts__post-title\" href=\"https:\/\/goutille.ovh\/?p=731\">Le Merlot s\u00e9lectionn\u00e9 dans le guide Hachette 2026<\/a><div class=\"wp-block-latest-posts__post-author\">par la-valette<\/div><time datetime=\"2025-08-26T21:43:14+02:00\" class=\"wp-block-latest-posts__post-date\">26 ao\u00fbt 2025<\/time><div class=\"wp-block-latest-posts__post-excerpt\"><\/div><\/li>\n<li><a class=\"wp-block-latest-posts__post-title\" href=\"https:\/\/goutille.ovh\/?p=719\">L&rsquo;Initiale 2024 s\u00e9lectionn\u00e9 dans la revue du Vin de France de cet \u00e9t\u00e9<\/a><div class=\"wp-block-latest-posts__post-author\">par la-valette<\/div><time datetime=\"2025-07-05T15:01:56+02:00\" class=\"wp-block-latest-posts__post-date\">5 juillet 2025<\/time><div class=\"wp-block-latest-posts__post-excerpt\"><\/div><\/li>\n<\/ul><\/div>\n<\/div>\n\n\n\n<p><\/p>\n","protected":false},"excerpt":{"rendered":"<p>Au lieu-dit La Valette \u00e0 Villaudric, \u00e0 quelques kilom\u00e8tres au Nord de Toulouse, le domaine La Valette est un petit vignoble de 3 hectares conduit en agriculture biologique, dans l&rsquo;AOP Fronton (Occitanie). Issu d&rsquo;une famille de viticulteurs dans le val de Loire, j&rsquo;ai pass\u00e9 tous mes \u00e9t\u00e9s dans le vignoble de mes grands-parents. Les souvenirs [&hellip;]<\/p>\n","protected":false},"author":1,"featured_media":0,"parent":0,"menu_order":0,"comment_status":"closed","ping_status":"closed","template":"","meta":{"footnotes":""},"class_list":["post-620","page","type-page","status-publish","hentry"],"_links":{"self":[{"href":"https:\/\/goutille.ovh\/index.php?rest_route=\/wp\/v2\/pages\/620","targetHints":{"allow":["GET"]}}],"collection":[{"href":"https:\/\/goutille.ovh\/index.php?rest_route=\/wp\/v2\/pages"}],"about":[{"href":"https:\/\/goutille.ovh\/index.php?rest_route=\/wp\/v2\/types\/page"}],"author":[{"embeddable":true,"href":"https:\/\/goutille.ovh\/index.php?rest_route=\/wp\/v2\/users\/1"}],"replies":[{"embeddable":true,"href":"https:\/\/goutille.ovh\/index.php?rest_route=%2Fwp%2Fv2%2Fcomments&post=620"}],"version-history":[{"count":7,"href":"https:\/\/goutille.ovh\/index.php?rest_route=\/wp\/v2\/pages\/620\/revisions"}],"predecessor-version":[{"id":737,"href":"https:\/\/goutille.ovh\/index.php?rest_route=\/wp\/v2\/pages\/620\/revisions\/737"}],"wp:attachment":[{"href":"https:\/\/goutille.ovh\/index.php?rest_route=%2Fwp%2Fv2%2Fmedia&parent=620"}],"curies":[{"name":"wp","href":"https:\/\/api.w.org\/{rel}","templated":true}]}}